{"id":82619,"date":"2020-07-06T18:09:34","date_gmt":"2020-07-06T18:09:34","guid":{"rendered":"http:\/\/brand.celeris.cl\/celeris\/?page_id=82619"},"modified":"2022-06-24T14:31:05","modified_gmt":"2022-06-24T14:31:05","slug":"aplicaciones","status":"publish","type":"page","link":"https:\/\/brand.celeris.cl\/celeris\/aplicaciones\/","title":{"rendered":"Aplicaciones"},"content":{"rendered":"<body><p>[vc_row row_height_percent=\u201d10\u2033 override_padding=\u201dyes\u201d h_padding=\u201d2\u2033 top_padding=\u201d3\u2033 bottom_padding=\u201d1\u2033 overlay_alpha=\u201d50\u2033 gutter_size=\u201d3\u2033 column_width_percent=\u201d100\u2033 shift_y=\u201d0\u2033 z_index=\u201d0\u2033][vc_column column_width_percent=\u201d100\u2033 gutter_size=\u201d3\u2033 overlay_alpha=\u201d50\u2033 shift_x=\u201d0\u2033 shift_y=\u201d0\u2033 shift_y_down=\u201d0\u2033 z_index=\u201d0\u2033 medium_width=\u201d0\u2033 mobile_width=\u201d0\u2033 css_animation=\u201dalpha-anim\u201d animation_speed=\u201d600\u2033 animation_delay=\u201d200\u2033 width=\u201d1\/1\u2033][vc_row_inner limit_content=\u201d\u201d][vc_column_inner column_width_percent=\u201d44\u2033 position_horizontal=\u201dleft\u201d gutter_size=\u201d3\u2033 overlay_alpha=\u201d50\u2033 shift_x=\u201d0\u2033 shift_y=\u201d0\u2033 shift_y_down=\u201d0\u2033 z_index=\u201d0\u2033 medium_width=\u201d0\u2033 mobile_width=\u201d0\u2033 width=\u201d1\/1\u2033][vc_custom_heading text_size=\u201dh1\u2033 text_color=\u201dcolor-169327\u2033]Aplicaciones[\/vc_custom_heading][\/vc_column_inner][\/vc_row_inner][\/vc_column][\/vc_row][vc_row row_height_percent=\u201d16\u2033 override_padding=\u201dyes\u201d h_padding=\u201d2\u2033 top_padding=\u201d3\u2033 bottom_padding=\u201d2\u2033 overlay_alpha=\u201d50\u2033 gutter_size=\u201d3\u2033 column_width_percent=\u201d100\u2033 shift_y=\u201d0\u2033 z_index=\u201d0\u2033 row_name=\u201donline\u201d][vc_column column_width_percent=\u201d100\u2033 position_horizontal=\u201dleft\u201d position_vertical=\u201dmiddle\u201d gutter_size=\u201d3\u2033 overlay_alpha=\u201d50\u2033 shift_x=\u201d0\u2033 shift_y=\u201d0\u2033 shift_y_down=\u201d0\u2033 z_index=\u201d0\u2033 medium_width=\u201d0\u2033 mobile_width=\u201d0\u2033 css_animation=\u201dalpha-anim\u201d animation_speed=\u201d600\u2033 animation_delay=\u201d200\u2033 width=\u201d1\/1\u2033][vc_row_inner limit_content=\u201d\u201d][vc_column_inner column_width_percent=\u201d80\u2033 position_horizontal=\u201dleft\u201d gutter_size=\u201d3\u2033 overlay_alpha=\u201d50\u2033 shift_x=\u201d0\u2033 shift_y=\u201d0\u2033 shift_y_down=\u201d0\u2033 z_index=\u201d0\u2033 medium_width=\u201d0\u2033 mobile_width=\u201d0\u2033 width=\u201d1\/2\u2033][vc_custom_heading text_size=\u201dh3\u2033 text_color=\u201dcolor-169327\u2033]Aplicaciones online[\/vc_custom_heading][\/vc_column_inner][vc_column_inner column_width_percent=\u201d100\u2033 gutter_size=\u201d3\u2033 style=\u201dlight\u201d overlay_alpha=\u201d50\u2033 shift_x=\u201d0\u2033 shift_y=\u201d0\u2033 shift_y_down=\u201d0\u2033 z_index=\u201d0\u2033 medium_width=\u201d0\u2033 mobile_width=\u201d0\u2033 width=\u201d1\/2\u2033][vc_column_text]<\/p>\n<p class=\"p1\">A continuaci\u00f3n, encontrar\u00e1s la identidad visual aplicada en diferentes touchpoints online. Estas aplicaciones servir\u00e1n como inspiraci\u00f3n para la creaci\u00f3n de nuevos materiales.<\/p>\n<p>[\/vc_column_text][\/vc_column_inner][\/vc_row_inner][\/vc_column][\/vc_row][vc_row unlock_row_content=\u201dyes\u201d row_height_percent=\u201d0\u2033 override_padding=\u201dyes\u201d h_padding=\u201d0\u2033 top_padding=\u201d0\u2033 bottom_padding=\u201d0\u2033 overlay_alpha=\u201d50\u2033 gutter_size=\u201d3\u2033 column_width_percent=\u201d100\u2033 shift_y=\u201d0\u2033 z_index=\u201d0\u2033][vc_column column_width_percent=\u201d100\u2033 gutter_size=\u201d3\u2033 overlay_alpha=\u201d50\u2033 shift_x=\u201d0\u2033 shift_y=\u201d0\u2033 shift_y_down=\u201d0\u2033 z_index=\u201d0\u2033 medium_width=\u201d0\u2033 mobile_width=\u201d0\u2033 css_animation=\u201dalpha-anim\u201d animation_speed=\u201d600\u2033 animation_delay=\u201d200\u2033 width=\u201d1\/1\u2033][vc_gallery el_id=\u201dgallery-147601876523423421212\u2033 type=\u201dcarousel\u201d medias=\u201d84596,84597,84598,84599\u2033 carousel_lg=\u201d1\u2033 carousel_md=\u201d1\u2033 carousel_sm=\u201d1\u2033 gutter_size=\u201d0\u2033 carousel_type=\u201dfade\u201d carousel_interval=\u201d3000\u2033 carousel_navspeed=\u201d400\u2033 stage_padding=\u201d0\u2033 single_overlay_opacity=\u201d50\u2033 single_padding=\u201d2\u2033][\/vc_column][\/vc_row][vc_row unlock_row_content=\u201dyes\u201d row_height_percent=\u201d0\u2033 override_padding=\u201dyes\u201d h_padding=\u201d0\u2033 top_padding=\u201d0\u2033 bottom_padding=\u201d0\u2033 overlay_alpha=\u201d50\u2033 gutter_size=\u201d3\u2033 column_width_percent=\u201d100\u2033 shift_y=\u201d0\u2033 z_index=\u201d0\u2033][vc_column column_width_percent=\u201d100\u2033 gutter_size=\u201d3\u2033 overlay_alpha=\u201d50\u2033 shift_x=\u201d0\u2033 shift_y=\u201d0\u2033 shift_y_down=\u201d0\u2033 z_index=\u201d0\u2033 medium_width=\u201d0\u2033 mobile_width=\u201d0\u2033 css_animation=\u201dalpha-anim\u201d animation_speed=\u201d600\u2033 animation_delay=\u201d200\u2033 width=\u201d1\/1\u2033][vc_single_image media=\u201d84590\u2033 media_width_percent=\u201d100\u2033 alignment=\u201dcenter\u201d][\/vc_column][\/vc_row][vc_row unlock_row_content=\u201dyes\u201d row_height_percent=\u201d0\u2033 override_padding=\u201dyes\u201d h_padding=\u201d0\u2033 top_padding=\u201d0\u2033 bottom_padding=\u201d0\u2033 overlay_alpha=\u201d50\u2033 gutter_size=\u201d3\u2033 column_width_percent=\u201d100\u2033 shift_y=\u201d0\u2033 z_index=\u201d0\u2033][vc_column column_width_percent=\u201d100\u2033 gutter_size=\u201d3\u2033 overlay_alpha=\u201d50\u2033 shift_x=\u201d0\u2033 shift_y=\u201d0\u2033 shift_y_down=\u201d0\u2033 z_index=\u201d0\u2033 medium_width=\u201d0\u2033 mobile_width=\u201d0\u2033 css_animation=\u201dalpha-anim\u201d animation_speed=\u201d600\u2033 animation_delay=\u201d200\u2033 width=\u201d1\/1\u2033][vc_single_image media=\u201d84605\u2033 media_width_percent=\u201d100\u2033 alignment=\u201dcenter\u201d][\/vc_column][\/vc_row][vc_row unlock_row_content=\u201dyes\u201d row_height_percent=\u201d0\u2033 override_padding=\u201dyes\u201d h_padding=\u201d0\u2033 top_padding=\u201d0\u2033 bottom_padding=\u201d0\u2033 overlay_alpha=\u201d50\u2033 gutter_size=\u201d3\u2033 column_width_percent=\u201d100\u2033 shift_y=\u201d0\u2033 z_index=\u201d0\u2033][vc_column column_width_percent=\u201d100\u2033 gutter_size=\u201d3\u2033 overlay_alpha=\u201d50\u2033 shift_x=\u201d0\u2033 shift_y=\u201d0\u2033 shift_y_down=\u201d0\u2033 z_index=\u201d0\u2033 medium_width=\u201d0\u2033 mobile_width=\u201d0\u2033 css_animation=\u201dalpha-anim\u201d animation_speed=\u201d600\u2033 animation_delay=\u201d200\u2033 width=\u201d1\/1\u2033][vc_gallery el_id=\u201dgallery-14760187652342342\u2033 type=\u201dcarousel\u201d medias=\u201d84601,84600\u2033 carousel_lg=\u201d1\u2033 carousel_md=\u201d1\u2033 carousel_sm=\u201d1\u2033 gutter_size=\u201d0\u2033 carousel_interval=\u201d3000\u2033 carousel_navspeed=\u201d400\u2033 stage_padding=\u201d0\u2033 single_overlay_opacity=\u201d50\u2033 single_padding=\u201d2\u2033][\/vc_column][\/vc_row][vc_row unlock_row_content=\u201dyes\u201d row_height_percent=\u201d0\u2033 override_padding=\u201dyes\u201d h_padding=\u201d0\u2033 top_padding=\u201d0\u2033 bottom_padding=\u201d0\u2033 overlay_alpha=\u201d50\u2033 gutter_size=\u201d3\u2033 column_width_percent=\u201d100\u2033 shift_y=\u201d0\u2033 z_index=\u201d0\u2033][vc_column column_width_percent=\u201d100\u2033 gutter_size=\u201d3\u2033 overlay_alpha=\u201d50\u2033 shift_x=\u201d0\u2033 shift_y=\u201d0\u2033 shift_y_down=\u201d0\u2033 z_index=\u201d0\u2033 medium_width=\u201d0\u2033 mobile_width=\u201d0\u2033 css_animation=\u201dalpha-anim\u201d animation_speed=\u201d600\u2033 animation_delay=\u201d200\u2033 width=\u201d1\/1\u2033][vc_single_image media=\u201d84606\u2033 media_width_percent=\u201d100\u2033 alignment=\u201dcenter\u201d][\/vc_column][\/vc_row][vc_row row_height_percent=\u201d16\u2033 override_padding=\u201dyes\u201d h_padding=\u201d2\u2033 top_padding=\u201d3\u2033 bottom_padding=\u201d2\u2033 overlay_alpha=\u201d50\u2033 gutter_size=\u201d3\u2033 column_width_percent=\u201d100\u2033 shift_y=\u201d0\u2033 z_index=\u201d0\u2033 row_name=\u201doffline\u201d][vc_column column_width_percent=\u201d100\u2033 position_horizontal=\u201dleft\u201d position_vertical=\u201dmiddle\u201d gutter_size=\u201d3\u2033 overlay_alpha=\u201d50\u2033 shift_x=\u201d0\u2033 shift_y=\u201d0\u2033 shift_y_down=\u201d0\u2033 z_index=\u201d0\u2033 medium_width=\u201d0\u2033 mobile_width=\u201d0\u2033 css_animation=\u201dalpha-anim\u201d animation_speed=\u201d600\u2033 animation_delay=\u201d200\u2033 width=\u201d1\/1\u2033][vc_row_inner limit_content=\u201d\u201d][vc_column_inner column_width_percent=\u201d80\u2033 position_horizontal=\u201dleft\u201d gutter_size=\u201d3\u2033 overlay_alpha=\u201d50\u2033 shift_x=\u201d0\u2033 shift_y=\u201d0\u2033 shift_y_down=\u201d0\u2033 z_index=\u201d0\u2033 medium_width=\u201d0\u2033 mobile_width=\u201d0\u2033 width=\u201d1\/2\u2033][vc_custom_heading text_size=\u201dh3\u2033 text_color=\u201dcolor-169327\u2033]Aplicaciones offline[\/vc_custom_heading][\/vc_column_inner][vc_column_inner column_width_percent=\u201d100\u2033 gutter_size=\u201d3\u2033 style=\u201dlight\u201d overlay_alpha=\u201d50\u2033 shift_x=\u201d0\u2033 shift_y=\u201d0\u2033 shift_y_down=\u201d0\u2033 z_index=\u201d0\u2033 medium_width=\u201d0\u2033 mobile_width=\u201d0\u2033 width=\u201d1\/2\u2033][vc_column_text]<\/p>\n<p class=\"p1\">A continuaci\u00f3n, encontrar\u00e1s la identidad visual aplicada en diferentes touchpoints offline. Estas aplicaciones servir\u00e1n como inspiraci\u00f3n para la creaci\u00f3n de nuevos materiales.<\/p>\n<p>[\/vc_column_text][\/vc_column_inner][\/vc_row_inner][\/vc_column][\/vc_row][vc_row unlock_row_content=\u201dyes\u201d row_height_percent=\u201d0\u2033 override_padding=\u201dyes\u201d h_padding=\u201d0\u2033 top_padding=\u201d0\u2033 bottom_padding=\u201d0\u2033 overlay_alpha=\u201d50\u2033 gutter_size=\u201d3\u2033 column_width_percent=\u201d100\u2033 shift_y=\u201d0\u2033 z_index=\u201d0\u2033][vc_column column_width_percent=\u201d100\u2033 gutter_size=\u201d3\u2033 overlay_alpha=\u201d50\u2033 shift_x=\u201d0\u2033 shift_y=\u201d0\u2033 shift_y_down=\u201d0\u2033 z_index=\u201d0\u2033 medium_width=\u201d0\u2033 mobile_width=\u201d0\u2033 css_animation=\u201dalpha-anim\u201d animation_speed=\u201d600\u2033 animation_delay=\u201d200\u2033 width=\u201d1\/1\u2033][vc_single_image media=\u201d84589\u2033 media_width_percent=\u201d100\u2033 alignment=\u201dcenter\u201d][\/vc_column][\/vc_row][vc_row unlock_row_content=\u201dyes\u201d row_height_percent=\u201d0\u2033 override_padding=\u201dyes\u201d h_padding=\u201d0\u2033 top_padding=\u201d0\u2033 bottom_padding=\u201d0\u2033 overlay_alpha=\u201d50\u2033 gutter_size=\u201d3\u2033 column_width_percent=\u201d100\u2033 shift_y=\u201d0\u2033 z_index=\u201d0\u2033][vc_column column_width_percent=\u201d100\u2033 gutter_size=\u201d3\u2033 overlay_alpha=\u201d50\u2033 shift_x=\u201d0\u2033 shift_y=\u201d0\u2033 shift_y_down=\u201d0\u2033 z_index=\u201d0\u2033 medium_width=\u201d0\u2033 mobile_width=\u201d0\u2033 css_animation=\u201dalpha-anim\u201d animation_speed=\u201d600\u2033 animation_delay=\u201d200\u2033 width=\u201d1\/1\u2033][vc_single_image media=\u201d84602\u2033 media_width_percent=\u201d100\u2033 alignment=\u201dcenter\u201d][\/vc_column][\/vc_row][vc_row unlock_row_content=\u201dyes\u201d row_height_percent=\u201d0\u2033 override_padding=\u201dyes\u201d h_padding=\u201d0\u2033 top_padding=\u201d0\u2033 bottom_padding=\u201d0\u2033 overlay_alpha=\u201d50\u2033 gutter_size=\u201d3\u2033 column_width_percent=\u201d100\u2033 shift_y=\u201d0\u2033 z_index=\u201d0\u2033][vc_column column_width_percent=\u201d100\u2033 gutter_size=\u201d3\u2033 overlay_alpha=\u201d50\u2033 shift_x=\u201d0\u2033 shift_y=\u201d0\u2033 shift_y_down=\u201d0\u2033 z_index=\u201d0\u2033 medium_width=\u201d0\u2033 mobile_width=\u201d0\u2033 css_animation=\u201dalpha-anim\u201d animation_speed=\u201d600\u2033 animation_delay=\u201d200\u2033 width=\u201d1\/1\u2033][vc_gallery el_id=\u201dgallery-14760154566555666\u2033 type=\u201dcarousel\u201d medias=\u201d84595,84594\u2033 carousel_lg=\u201d1\u2033 carousel_md=\u201d1\u2033 carousel_sm=\u201d1\u2033 gutter_size=\u201d0\u2033 carousel_interval=\u201d3000\u2033 carousel_navspeed=\u201d400\u2033 stage_padding=\u201d0\u2033 single_overlay_opacity=\u201d50\u2033 single_padding=\u201d2\u2033][\/vc_column][\/vc_row][vc_row unlock_row_content=\u201dyes\u201d row_height_percent=\u201d0\u2033 override_padding=\u201dyes\u201d h_padding=\u201d0\u2033 top_padding=\u201d0\u2033 bottom_padding=\u201d0\u2033 overlay_alpha=\u201d50\u2033 gutter_size=\u201d3\u2033 column_width_percent=\u201d100\u2033 shift_y=\u201d0\u2033 z_index=\u201d0\u2033][vc_column column_width_percent=\u201d100\u2033 gutter_size=\u201d3\u2033 overlay_alpha=\u201d50\u2033 shift_x=\u201d0\u2033 shift_y=\u201d0\u2033 shift_y_down=\u201d0\u2033 z_index=\u201d0\u2033 medium_width=\u201d0\u2033 mobile_width=\u201d0\u2033 css_animation=\u201dalpha-anim\u201d animation_speed=\u201d600\u2033 animation_delay=\u201d200\u2033 width=\u201d1\/1\u2033][vc_single_image media=\u201d84592\u2033 media_width_percent=\u201d100\u2033 alignment=\u201dcenter\u201d][\/vc_column][\/vc_row][vc_row unlock_row_content=\u201dyes\u201d row_height_percent=\u201d0\u2033 override_padding=\u201dyes\u201d h_padding=\u201d0\u2033 top_padding=\u201d0\u2033 bottom_padding=\u201d0\u2033 overlay_alpha=\u201d50\u2033 gutter_size=\u201d3\u2033 column_width_percent=\u201d100\u2033 shift_y=\u201d0\u2033 z_index=\u201d0\u2033][vc_column column_width_percent=\u201d100\u2033 gutter_size=\u201d3\u2033 overlay_alpha=\u201d50\u2033 shift_x=\u201d0\u2033 shift_y=\u201d0\u2033 shift_y_down=\u201d0\u2033 z_index=\u201d0\u2033 medium_width=\u201d0\u2033 mobile_width=\u201d0\u2033 css_animation=\u201dalpha-anim\u201d animation_speed=\u201d600\u2033 animation_delay=\u201d200\u2033 width=\u201d1\/1\u2033][vc_single_image media=\u201d84593\u2033 media_width_percent=\u201d100\u2033 alignment=\u201dcenter\u201d][\/vc_column][\/vc_row][vc_row unlock_row_content=\u201dyes\u201d row_height_percent=\u201d0\u2033 override_padding=\u201dyes\u201d h_padding=\u201d0\u2033 top_padding=\u201d0\u2033 bottom_padding=\u201d0\u2033 overlay_alpha=\u201d50\u2033 gutter_size=\u201d3\u2033 column_width_percent=\u201d100\u2033 shift_y=\u201d0\u2033 z_index=\u201d0\u2033][vc_column column_width_percent=\u201d100\u2033 gutter_size=\u201d3\u2033 overlay_alpha=\u201d50\u2033 shift_x=\u201d0\u2033 shift_y=\u201d0\u2033 shift_y_down=\u201d0\u2033 z_index=\u201d0\u2033 medium_width=\u201d0\u2033 mobile_width=\u201d0\u2033 css_animation=\u201dalpha-anim\u201d animation_speed=\u201d600\u2033 animation_delay=\u201d200\u2033 width=\u201d1\/1\u2033][vc_single_image media=\u201d84591\u2033 media_width_percent=\u201d100\u2033 alignment=\u201dcenter\u201d][\/vc_column][\/vc_row][vc_row unlock_row_content=\u201dyes\u201d row_height_percent=\u201d0\u2033 override_padding=\u201dyes\u201d h_padding=\u201d0\u2033 top_padding=\u201d0\u2033 bottom_padding=\u201d0\u2033 overlay_alpha=\u201d50\u2033 gutter_size=\u201d3\u2033 column_width_percent=\u201d100\u2033 shift_y=\u201d0\u2033 z_index=\u201d0\u2033][vc_column column_width_percent=\u201d100\u2033 gutter_size=\u201d3\u2033 overlay_alpha=\u201d50\u2033 shift_x=\u201d0\u2033 shift_y=\u201d0\u2033 shift_y_down=\u201d0\u2033 z_index=\u201d0\u2033 medium_width=\u201d0\u2033 mobile_width=\u201d0\u2033 css_animation=\u201dalpha-anim\u201d animation_speed=\u201d600\u2033 animation_delay=\u201d200\u2033 width=\u201d1\/1\u2033][vc_single_image media=\u201d84604\u2033 media_width_percent=\u201d100\u2033 alignment=\u201dcenter\u201d][\/vc_column][\/vc_row][vc_row unlock_row_content=\u201dyes\u201d row_height_percent=\u201d0\u2033 override_padding=\u201dyes\u201d h_padding=\u201d0\u2033 top_padding=\u201d0\u2033 bottom_padding=\u201d0\u2033 overlay_alpha=\u201d50\u2033 gutter_size=\u201d3\u2033 column_width_percent=\u201d100\u2033 shift_y=\u201d0\u2033 z_index=\u201d0\u2033][vc_column column_width_percent=\u201d100\u2033 gutter_size=\u201d3\u2033 overlay_alpha=\u201d50\u2033 shift_x=\u201d0\u2033 shift_y=\u201d0\u2033 shift_y_down=\u201d0\u2033 z_index=\u201d0\u2033 medium_width=\u201d0\u2033 mobile_width=\u201d0\u2033 css_animation=\u201dalpha-anim\u201d animation_speed=\u201d600\u2033 animation_delay=\u201d200\u2033 width=\u201d1\/1\u2033][vc_single_image media=\u201d84588\u2033 media_width_percent=\u201d100\u2033 alignment=\u201dcenter\u201d][\/vc_column][\/vc_row][vc_row row_height_percent=\u201d40\u2033 back_color=\u201dcolor-209636\u2033 overlay_alpha=\u201d50\u2033 gutter_size=\u201d3\u2033 column_width_percent=\u201d100\u2033 shift_y=\u201d0\u2033 z_index=\u201d0\u2033][vc_column column_width_percent=\u201d100\u2033 position_vertical=\u201dmiddle\u201d gutter_size=\u201d3\u2033 overlay_alpha=\u201d50\u2033 shift_x=\u201d0\u2033 shift_y=\u201d0\u2033 shift_y_down=\u201d0\u2033 z_index=\u201d0\u2033 medium_width=\u201d0\u2033 mobile_width=\u201d0\u2033 css_animation=\u201dalpha-anim\u201d animation_speed=\u201d600\u2033 animation_delay=\u201d200\u2033 width=\u201d1\/1\u2033][vc_row_inner limit_content=\u201d\u201d][vc_column_inner column_width_percent=\u201d100\u2033 align_horizontal=\u201dalign_center\u201d gutter_size=\u201d3\u2033 style=\u201ddark\u201d overlay_alpha=\u201d50\u2033 shift_x=\u201d0\u2033 shift_y=\u201d0\u2033 shift_y_down=\u201d0\u2033 z_index=\u201d0\u2033 medium_width=\u201d0\u2033 mobile_width=\u201d0\u2033 width=\u201d1\/1\u2033][vc_custom_heading text_color=\u201dcolor-383283\u2033]Si tienes alguna duda con respecto al uso de este manual,<br>\ncont\u00e1ctate con nosotros <a href=\"mailto:hablemos@celeris.cl\">hablemos@celeris.cl<\/a>[\/vc_custom_heading][\/vc_column_inner][\/vc_row_inner][\/vc_column][\/vc_row]<\/p>\n<\/body>","protected":false},"excerpt":{"rendered":"<p>[vc_row row_height_percent=\u201d10\u2033 override_padding=\u201dyes\u201d h_padding=\u201d2\u2033 top_padding=\u201d3\u2033 bottom_padding=\u201d1\u2033 overlay_alpha=\u201d50\u2033 gutter_size=\u201d3\u2033 column_width_percent=\u201d100\u2033 shift_y=\u201d0\u2033 z_index=\u201d0\u2033][vc_column column_width_percent=\u201d100\u2033 gutter_size=\u201d3\u2033 overlay_alpha=\u201d50\u2033 shift_x=\u201d0\u2033 shift_y=\u201d0\u2033 shift_y_down=\u201d0\u2033 z_index=\u201d0\u2033 medium_width=\u201d0\u2033 mobile_width=\u201d0\u2033 [&hellip;]<\/p>\n","protected":false},"author":1,"featured_media":0,"parent":0,"menu_order":0,"comment_status":"closed","ping_status":"closed","template":"","meta":{"footnotes":""},"class_list":["post-82619","page","type-page","status-publish","hentry"],"_links":{"self":[{"href":"https:\/\/brand.celeris.cl\/celeris\/wp-json\/wp\/v2\/pages\/82619"}],"collection":[{"href":"https:\/\/brand.celeris.cl\/celeris\/wp-json\/wp\/v2\/pages"}],"about":[{"href":"https:\/\/brand.celeris.cl\/celeris\/wp-json\/wp\/v2\/types\/page"}],"author":[{"embeddable":true,"href":"https:\/\/brand.celeris.cl\/celeris\/wp-json\/wp\/v2\/users\/1"}],"replies":[{"embeddable":true,"href":"https:\/\/brand.celeris.cl\/celeris\/wp-json\/wp\/v2\/comments?post=82619"}],"version-history":[{"count":6,"href":"https:\/\/brand.celeris.cl\/celeris\/wp-json\/wp\/v2\/pages\/82619\/revisions"}],"predecessor-version":[{"id":84608,"href":"https:\/\/brand.celeris.cl\/celeris\/wp-json\/wp\/v2\/pages\/82619\/revisions\/84608"}],"wp:attachment":[{"href":"https:\/\/brand.celeris.cl\/celeris\/wp-json\/wp\/v2\/media?parent=82619"}],"curies":[{"name":"wp","href":"https:\/\/api.w.org\/{rel}","templated":true}]}}